{"id":781,"date":"2019-03-27T13:41:01","date_gmt":"2019-03-27T13:41:01","guid":{"rendered":"http:\/\/fiseg.com\/?page_id=781"},"modified":"2026-03-09T10:21:32","modified_gmt":"2026-03-09T10:21:32","slug":"politica-de-calidad","status":"publish","type":"page","link":"https:\/\/fiseg.com\/es\/empresa\/politica-de-calidad\/","title":{"rendered":"Pol\u00edtica de calidad"},"content":{"rendered":"<p>[vc_row][vc_column][vc_column_text]<strong>POL\u00cdTICA DE CALIDAD<\/strong><\/p>\n<p>La Direcci\u00f3n de FISEG (FOC I SEGURETAT SL) es consciente de la importancia del mantenimiento de un Sistema de Gesti\u00f3n de la Calidad seg\u00fan la norma UNE EN-ISO 9001:2015 y su utilidad para la mejora continuada a la cual se compromete, as\u00ed como a cumplir los requisitos que apliquen.<\/p>\n<p>Nuestra misi\u00f3n, visi\u00f3n y nuestros valores son:<\/p>\n<p><strong>Misi\u00f3n<\/strong><\/p>\n<p>Ofrecer las mejores soluciones de seguridad contraincendios adaptadas a las necesidades concretas de cada cliente y asesoramiento y servicios de mantenimiento de calidad.<\/p>\n<p><strong>Visi\u00f3n<\/strong><\/p>\n<p>Mediante el conocimiento y experiencia en el sector de la Seguridad Contraincendios, as\u00ed como el continuo estudio normativo, ofrecer servicios basados en la solvencia t\u00e9cnica y trayectoria de servicios ofrecidos por la empresa siempre dentro de los l\u00edmites de su capacidad productiva y con absoluto respeto y cumplimiento de las normativas de prevenci\u00f3n de riesgos laborales y medio-ambientales.<\/p>\n<p><strong>Valores<\/strong><\/p>\n<p>Compromiso con la calidad, la prevenci\u00f3n de riesgos laborales y el medio ambiente.<\/p>\n<p>Ecuanimidad y cumplimiento normativo y legal.<\/p>\n<p>Ofrecer una informaci\u00f3n fidedigna.<\/p>\n<p>Motivaci\u00f3n por el trabajo bien hecho, la profesionalidad y el servicio.<\/p>\n<p>Compromiso, adaptaci\u00f3n y esfuerzo en la comprensi\u00f3n de las necesidades de los clientes.<\/p>\n<p>FISEG, mediante el compromiso personal de la Direcci\u00f3n, exige a todo su personal el respecto a los valores expresados y bas\u00e1ndose en ellos promueve la concienciaci\u00f3n sobre la calidad, la seguridad laboral y la protecci\u00f3n medio-ambiental as\u00ed como sus efectos sobre la poblaci\u00f3n y los trabajadores, impulsando las ideas y actuaciones orientadas a conseguir la satisfacci\u00f3n de sus Clientes y el cumplimiento de los compromisos, as\u00ed como la necesaria productividad.<\/p>\n<p>FISEG da cumplimiento a su Pol\u00edtica de Calidad de la siguiente manera:<\/p>\n<ul>\n<li>Implementando, desarrollando y <strong>manteniendo<\/strong> un Sistema de Gesti\u00f3n de la <strong>Calidad<\/strong>.<\/li>\n<li><strong>Respetando<\/strong> todos los <strong>requisitos legales<\/strong> y reglamentarios.<\/li>\n<li><strong>Cumpliendo <\/strong>los <strong>compromisos<\/strong>.<\/li>\n<li>Fomentando la <strong>participaci\u00f3n<\/strong> de su <strong>personal<\/strong>.<\/li>\n<li>Procurando una adecuada <strong>formaci\u00f3n<\/strong> de su personal.<\/li>\n<li>Asegurando la <strong>calidad<\/strong>, eficacia y correcci\u00f3n de sus servicios.<\/li>\n<li>Detectando las <strong>necesidades<\/strong> de sus <strong>clientes<\/strong> y promoviendo la mejora de la eficacia de sus sistemas.<\/li>\n<li>Estableciendo medidas de <strong>prevenci\u00f3n<\/strong> de <strong>riesgos laborales<\/strong> y de <strong>factores medio-ambientales<\/strong>.<\/li>\n<\/ul>\n<p>A fin de desarrollar y cumplir con esta Pol\u00edtica, tenemos establecidos objetivos y procedimientos que nos permiten, mediante su seguimiento, medici\u00f3n, an\u00e1lisis y gesti\u00f3n, garantizar y demostrar la conformidad con los requisitos de nuestros servicios, y asegurar la conformidad y mejora de la eficacia del Sistema de Gesti\u00f3n de la Calidad de FISEG<\/p>\n<p>Cornell\u00e0 de Llobregat, 26 de Enero de 2026<\/p>\n<p>Jordi Rodr\u00edguez Badim\u00f3n<\/p>\n<p>Director General[\/vc_column_text][\/vc_column][\/vc_row][vc_row padding_bottom=&#8221;40&#8243;][vc_column][\/vc_column][\/vc_row]<\/p>\n","protected":false},"excerpt":{"rendered":"<p>[vc_row][vc_column][vc_column_text]POL\u00cdTICA DE CALIDAD La Direcci\u00f3n de FISEG (FOC I SEGURETAT SL) es consciente de la importancia del mantenimiento de un Sistema de Gesti\u00f3n de la Calidad seg\u00fan la norma UNE EN-ISO 9001:2015 y su utilidad para la mejora continuada a la cual se compromete, as\u00ed&#8230;<\/p>\n","protected":false},"author":4,"featured_media":0,"parent":470,"menu_order":0,"comment_status":"closed","ping_status":"closed","template":"","meta":[],"_links":{"self":[{"href":"https:\/\/fiseg.com\/es\/wp-json\/wp\/v2\/pages\/781"}],"collection":[{"href":"https:\/\/fiseg.com\/es\/wp-json\/wp\/v2\/pages"}],"about":[{"href":"https:\/\/fiseg.com\/es\/wp-json\/wp\/v2\/types\/page"}],"author":[{"embeddable":true,"href":"https:\/\/fiseg.com\/es\/wp-json\/wp\/v2\/users\/4"}],"replies":[{"embeddable":true,"href":"https:\/\/fiseg.com\/es\/wp-json\/wp\/v2\/comments?post=781"}],"version-history":[{"count":20,"href":"https:\/\/fiseg.com\/es\/wp-json\/wp\/v2\/pages\/781\/revisions"}],"predecessor-version":[{"id":902,"href":"https:\/\/fiseg.com\/es\/wp-json\/wp\/v2\/pages\/781\/revisions\/902"}],"up":[{"embeddable":true,"href":"https:\/\/fiseg.com\/es\/wp-json\/wp\/v2\/pages\/470"}],"wp:attachment":[{"href":"https:\/\/fiseg.com\/es\/wp-json\/wp\/v2\/media?parent=781"}],"curies":[{"name":"wp","href":"https:\/\/api.w.org\/{rel}","templated":true}]}}