{"id":655,"date":"2018-09-21T08:29:14","date_gmt":"2018-09-21T08:29:14","guid":{"rendered":"http:\/\/fiseg.com\/?page_id=655"},"modified":"2018-09-21T09:14:24","modified_gmt":"2018-09-21T09:14:24","slug":"aviso-legal","status":"publish","type":"page","link":"https:\/\/fiseg.com\/es\/aviso-legal\/","title":{"rendered":"Aviso Legal"},"content":{"rendered":"<p>[vc_row use_row_as_full_screen_section=&#8221;yes&#8221; header_style=&#8221;light&#8221;][vc_column css=&#8221;.vc_custom_1537440732499{background-color: #dd3333 !important;}&#8221; offset=&#8221;vc_col-lg-12&#8243;][vc_column_text]<\/p>\n<div class=\"headcount\">\n<h1 class=\"titulum blankk specialcenteringslide\"> Aviso Legal y Condiciones de Uso Generales<\/h1>\n<\/div>\n<p>[\/vc_column_text][\/vc_column][\/vc_row][vc_row content_placement=&#8221;middle&#8221; type=&#8221;grid&#8221;][vc_column][vc_empty_space height=&#8221;55px&#8221;][vc_column_text css=&#8221;.vc_custom_1537517827986{background-position: center !important;background-repeat: no-repeat !important;background-size: contain !important;border-radius: 5px !important;}&#8221;]<\/p>\n<p><\/strong><strong>1.\tDATOS IDENTIFICATIVOS<\/strong><\/p>\n<p>En cumplimiento con el deber de informaci\u00f3n recogido en art\u00edculo 10 de la Ley 34\/2002, de 11 de julio, de Servicios de la Sociedad de la Informaci\u00f3n y del Comercio Electr\u00f3nico a continuaci\u00f3n se indican los datos de informaci\u00f3n general de este sitio web:<\/p>\n<p>Titular:FOC i SEGURETAT S.L. (en adelante, FISEG)<\/p>\n<p>Direcci\u00f3n:C\/ Albert Einstein 4, 08940, Cornell\u00e0 de Llobregat, Barcelona<\/p>\n<p>CIF:B60645785<\/p>\n<p>Contacto:fiseg@fiseg.com<\/p>\n<p>Tel\u00e9fono: 93 511 02 02<\/p>\n<p><strong>2.\tUSUARIOS: <\/strong><\/p>\n<p>El acceso, la navegaci\u00f3n y uso de este  sitio web www.fiseg.com , confiere la condici\u00f3n de USUARIO, por lo que se aceptan, desde que si inicia la navegaci\u00f3n por el sitio web, todas las condiciones aqu\u00ed establecidas, as\u00ed como las futuras modificaciones , sin perjuicio de la aplicaci\u00f3n de la correspondiente normativa legal de obligado cumplimiento seg\u00fan el caso. Dada la relevancia de lo anterior, se recomienda al USUARIO leerlas cada vez que visite el sitio web.<\/p>\n<p><strong>3.\tUSO DEL SITIO WEB: <\/strong><\/p>\n<p>www.fiseg.com  proporciona el acceso a art\u00edculos, informaciones y datos (en adelante, \u201clos contenidos\u201d) propiedad de FISEG. El USUARIO asume la responsabilidad del uso de la web.<\/p>\n<p>El USUARIO se compromete a hacer un uso adecuado de los contenidos que FISEG ofrece a trav\u00e9s de su web y con car\u00e1cter enunciativo pero no limitativo, a no emplearlos para:<\/p>\n<p>\u2022\tIncurrir en actividades il\u00edcitas, ilegales o contrarias a la buena fe y al orden p\u00fablico<\/p>\n<p>\u2022\tDifundir contenidos o propaganda de car\u00e1cter racista, xen\u00f3fobo, pornogr\u00e1fico-ilegal, de apolog\u00eda del terrorismo o atentatorio contra los derechos humanos<\/p>\n<p>\u2022\tProvocar da\u00f1os en los sistemas f\u00edsicos y l\u00f3gicos de FISEG, de sus proveedores o de terceras personas, introducir o difundir en la red virus inform\u00e1ticos o cualesquiera otros sistemas f\u00edsicos o l\u00f3gicos que sean susceptibles de provocar los da\u00f1os anteriormente mencionados;<\/p>\n<p>\u2022\tIntentar acceder y, en su caso, utilizar las cuentas de correo electr\u00f3nico de otros USUARIOS y modificar o manipular sus mensajes.<\/p>\n<p>En cualquier caso, queda prohibida la reproducci\u00f3n, copia, distribuci\u00f3n, transformaci\u00f3n o modificaci\u00f3n de contenidos (textos, im\u00e1genes, voces o estructura) a menos que se cuente con la autorizaci\u00f3n expresa y por escrito del titular de los derechos adquiridos.<\/p>\n<p>El sitio web est\u00e1 dirigido principalmente a USUARIOS residentes en Espa\u00f1a. FISEG no asegura que el sitio web cumpla con las legislaciones de otros pa\u00edses, ya sea total o parcialmente. Si el USUARIO reside o tiene su domicilio en otro lugar y decide acceder y\/o navegar en el sitio web lo har\u00e1 bajo su propia responsabilidad y deber\u00e1 asegurarse de que tal acceso y navegaci\u00f3n cumple con la legislaci\u00f3n local que le es aplicable, no asumiendo FISEG responsabilidad alguna que se pueda derivar a dicho acceso.<\/p>\n<p><strong>4.\tPOL\u00cdTICA DE PROTECCI\u00d3N DE DATOS Y PRIVACIDAD: <\/strong><\/p>\n<p><em><\/p>\n<p><strong>Responsable del tratamiento de datos<\/p>\n<p><\/em><\/p>\n<p><\/strong>Titularidad: FOC i SEGURETAT S.L<\/p>\n<p>CIF: B60645785<\/p>\n<p>Domicilio: C\/Albert Einstein 4 , Cornell\u00e0 de Llobregat (Barcelona)<\/p>\n<p><em><\/p>\n<p><strong>Finalidad del tratamiento de datos:<\/p>\n<p><\/em><\/p>\n<p><\/strong>Con car\u00e1cter general, la informaci\u00f3n registrada mediante los formularios de registro de la web www.fiseg.com que FISEG obtiene de los USUARIOS, ser\u00e1 \u00fanica y exclusivamente tratada para:<\/p>\n<p>\u2022\tDar respuesta a las solicitudes de informaci\u00f3n de los USUARIOS<\/p>\n<p>\u2022\tEnviar comunicaciones electr\u00f3nicas tales como: boletines (newsletters), nuevas noticias o publicaciones en la web y otras comunicaciones que FISEG entienda interesantes para sus USUARIOS<\/p>\n<p>\u00danicamente el titular tendr\u00e1 acceso a sus datos, y bajo ning\u00fan concepto, estos datos ser\u00e1n cedidos, compartidos, transferidos, ni vendidos a ning\u00fan tercero.<\/p>\n<p>La aceptaci\u00f3n de la pol\u00edtica de privacidad,  mediante el procedimiento establecido de doble opt-in,  se entender\u00e1 a todos los efectos como la prestaci\u00f3n de <strong>CONSENTIMIENTO EXPRESO E INEQU\u00cdVOCO<\/strong> \u2013 del art\u00edculo 6 de la LOPD\u2013 del USUARIO al tratamiento de los datos de car\u00e1cter personal en los t\u00e9rminos que se exponen en el presente documento.<\/p>\n<p><em><\/p>\n<p><strong>Procedimiento de recogida de datos<\/p>\n<p><\/em><\/p>\n<p><\/strong>Los USUARIOS quedan informados de que como consecuencia del uso de determinadas funcionalidades de la web de FISEG, es necesario facilitar datos personales que ser\u00e1n incorporados a ficheros de los que es responsable FISEG. En concreto, se recoger\u00e1 la siguiente informaci\u00f3n:<\/p>\n<p>\u2022\t<strong>Suscripci\u00f3n al newsletter y comunicaciones comerciales<\/strong>: se registrar\u00e1n aquellos datos personales (incluyendo sin car\u00e1cter limitativo, el nombre del USUARIO, apellidos y direcci\u00f3n de correo electr\u00f3nico) que el USUARIO nos facilite voluntariamente a trav\u00e9s de nuestros formularios web.<\/p>\n<p>\u2022\t<strong>Solicitud de informaci\u00f3n:<\/strong> se registrar\u00e1n aquellos datos personales (incluyendo sin car\u00e1cter limitativo, el nombre del USUARIO, apellidos y direcci\u00f3n de correo electr\u00f3nico) que el USUARIO nos facilite voluntariamente a trav\u00e9s de nuestros formularios web de informaci\u00f3n.<\/p>\n<p>El uso de los formularios y\/o funcionalidades habilitadas en FISEG es voluntario. No obstante, algunos campos son necesarios para atender correctamente su petici\u00f3n, siendo voluntaria o accesoria la inclusi\u00f3n de datos personales en los campos restantes. En tal caso, la negativa del USUARIO a facilitar la informaci\u00f3n requerida en los campos obligatorios podr\u00eda impedir a FISEG atender su solicitud.<strong><\/p>\n<p><em><\/p>\n<p>Destinatarios de los datos<\/p>\n<p><\/em><\/p>\n<p><\/strong>FISEG no tiene prevista la comunicaci\u00f3n de sus datos personales a terceros salvo, en su caso, cuando fuese necesario para el cumplimiento de las disposiciones legales aplicables a FISEG como responsable del tratamiento.<\/p>\n<p><em><\/p>\n<p><strong>Limitaci\u00f3n temporal de almacenamiento de datos:<\/p>\n<p><\/em><\/p>\n<p><\/strong>Los datos personales recogidos ser\u00e1n conservados por FISEG, seg\u00fan los supuestos mencionados anteriormente, durante el siguiente per\u00edodo:<\/p>\n<p>\u2022\tEn el caso de la newsletter y\/o comunicaciones comerciales, FISEG guardar\u00e1 los datos hasta que el USUARIO revoque su consentimiento<\/p>\n<p>\u2022\tEn el caso de la petici\u00f3n de informaci\u00f3n mediante el formulario de contacto, FISEG guardar\u00e1 los datos durante el tiempo necesario para atender  y gestionar la consulta formulada por el usuario.<\/p>\n<p>No obstante, finalizado el periodo de tiempo correspondiente, los datos podr\u00e1n ser bloqueados y mantenidos por FISEG para la atenci\u00f3n de las posibles responsabilidades nacidas del tratamiento y s\u00f3lo durante el plazo de prescripci\u00f3n de dichas responsabilidades. Transcurridos los citados plazos los datos personales ser\u00e1n borrados por FISEG.<\/p>\n<p><em><\/p>\n<p><strong>Categor\u00edas de datos personales<\/p>\n<p><\/em><\/p>\n<p><\/strong>Los datos que recoge FISEG, son \u00fanicamente datos identificativos. En ning\u00fan caso se tratan categor\u00edas de datos personales especiales recogidos en el sentido del Art. 9 del RGPD.<\/p>\n<p><em><\/p>\n<p><strong>Legitimaci\u00f3n del tratamiento<\/p>\n<p><\/em><\/p>\n<p><\/strong>La base legal del tratamiento de los datos que FISEG recoge, es el consentimiento expreso del USUARIO mediante la aceptaci\u00f3n de esta Pol\u00edtica de Privacidad, ya sea a trav\u00e9s del relleno de los campos que aparecen en los distintos formularios de la web o con el consentimiento expl\u00edcito recogido v\u00eda autorizaci\u00f3n.<\/p>\n<p><em><\/p>\n<p><strong>Derechos del usuario<\/p>\n<p><\/em><\/p>\n<p><\/strong>El USUARIO podr\u00e1 revocar en cualquier momento el consentimiento prestado para el tratamiento de sus datos.<\/p>\n<p>El USUARIO puede, en cualquier momento, solicitar confirmaci\u00f3n sobre si sus datos personales est\u00e1n siendo tratados por  FISEG y, en caso afirmativo, acceder a los mismos. Asimismo, puede solicitar la rectificaci\u00f3n de los datos inexactos o, en su caso, solicitar su supresi\u00f3n cuando, entre otros motivos, los datos ya no sean necesarios para los fines para los que se recogieron.<\/p>\n<p>Asimismo, en determinadas circunstancias, el USUARIO podr\u00e1 solicitar la limitaci\u00f3n del tratamiento de sus datos, en cuyo caso \u00fanicamente los conservaremos para el ejercicio o la defensa de reclamaciones. Tambi\u00e9n podr\u00e1 oponerse al tratamiento de sus datos en determinadas circunstancias. FISEG dejar\u00e1 de tratar los datos, salvo por motivos leg\u00edtimos imperiosos o el ejercicio o la defensa de posibles reclamaciones. Y, cuando sea procedente, el USUARIO podr\u00e1 ejercitar el derecho de portabilidad para obtener los datos en formato electr\u00f3nico o que se transmitan los mismos a otra entidad.<\/p>\n<p>A tales efectos el USUARIO podr\u00e1 ejercitar sus derechos mediante comunicaci\u00f3n escrita al Responsable del Tratamiento, especificando:<\/p>\n<p>\u2022\t<strong>Nombre, apellidos del USUARIO y copia de DN<\/strong>I. En los casos en que se admita la representaci\u00f3n, ser\u00e1 tambi\u00e9n necesaria la identificaci\u00f3n por el mismo medio de la persona que representa al USUARIO, as\u00ed como el documento acreditativo de la representaci\u00f3n. La fotocopia del DNI podr\u00e1 ser sustituida, por cualquier otro medio v\u00e1lido en derecho que acredite la identidad<\/p>\n<p>\u2022\t<strong>Petici\u00f3n con los motivos espec\u00edficos de la solicitud o informaci\u00f3n a la que se quiere acceder<\/p>\n<p><\/strong><\/p>\n<p>\u2022\t<strong>Domicilio a efecto de notificaciones<\/p>\n<p><\/strong><\/p>\n<p>\u2022\t<strong>Todo documento que acredite la petici\u00f3n que formula<\/p>\n<p><\/strong><\/p>\n<p>Esta solicitud y todo otro documento adjunto podr\u00e1 enviarse a la siguiente direcci\u00f3n y\/o correo electr\u00f3nico<\/p>\n<p>\u2022\tDirecci\u00f3n postal: C\/Albert Einstein 4 , 08940, Cornell\u00e0 de Llobregat, Barcelona.<\/p>\n<p>\u2022\tCorreo electr\u00f3nico: <strong>fiseg@fiseg.com<\/p>\n<p><\/strong><\/p>\n<p>Por \u00faltimo, se informa igualmente al USUARIO del derecho a presentar una reclamaci\u00f3n ante la <strong>Agencia Espa\u00f1ola de Protecci\u00f3n de Datos<\/strong> en caso de que tenga conocimiento o considere que un hecho pueda suponer un incumplimiento de la normativa aplicable en materia de protecci\u00f3n de datos.<\/p>\n<p><strong><em><\/p>\n<p>Enlaces<\/p>\n<p><\/em><\/p>\n<p><\/strong>Como un servicio a nuestros visitantes, nuestro sitio web puede incluir hiperv\u00ednculos a otros sitios que no son operados o controlados por  www.fiseg.com. Por ello, FISEG no garantiza, ni se hace responsable de la licitud, fiabilidad, utilidad, veracidad y actualidad de los contenidos de tales sitios web o de sus pr\u00e1cticas de privacidad.<\/p>\n<p>Por favor, antes de proporcionar su informaci\u00f3n personal a estos sitios web ajenos a FISEG, tenga en cuenta que sus pr\u00e1cticas de privacidad pueden diferir de las nuestras.<\/p>\n<p><strong><em>Modificaci\u00f3n de la Pol\u00edtica de Privacidad<\/p>\n<p><\/em><\/p>\n<p><\/strong>FISEG se reserva el derecho a modificar su Pol\u00edtica de Privacidad, de acuerdo a su propio criterio, motivado por un cambio legislativo, jurisprudencial o doctrinal de la Agencia Espa\u00f1ola de Protecci\u00f3n de Datos. Por ello, se aconseja a los USUARIOS que visiten las condiciones aqu\u00ed descritas peri\u00f3dicamente.<\/p>\n<p>Cuando se produzcan cambios significativos en esta Pol\u00edtica de Privacidad, se comunicar\u00e1n a los USUARIOS para su aceptaci\u00f3n mediante cualquier procedimiento adecuado seg\u00fan las circunstancias.<\/p>\n<p><strong>5.\tPOL\u00cdTICA DE \u201cCOOKIES\u201d<\/strong><\/strong><\/p>\n<p>Una cookie es un archivo de informaci\u00f3n que el servidor de este sitio web env\u00eda al dispositivo (ordenador, smartphone, tablet, etc.) de quien accede a la p\u00e1gina para almacenar y recuperar informaci\u00f3n sobre la navegaci\u00f3n que se efect\u00faa desde dicho equipo.<\/p>\n<p>FISEG utiliza  cookies t\u00e9cnicas \u00fanicamente con la finalidad de mejorar la navegaci\u00f3n del USUARIO en el sitio web, sin ning\u00fan tipo de objeto publicitario o similar.<\/p>\n<p><strong><\/p>\n<p>Cookies t\u00e9cnicas<\/strong>: Son aqu\u00e9llas que permiten al USUARIO la navegaci\u00f3n a trav\u00e9s de la p\u00e1gina web y la utilizaci\u00f3n de las diferentes opciones o servicios que en ella existen como, por ejemplo, controlar el tr\u00e1fico y la comunicaci\u00f3n de datos, identificar la sesi\u00f3n, acceder a partes de acceso restringido, recordar los elementos que integran un pedido, realizar el proceso de compra de un pedido, realizar la solicitud de inscripci\u00f3n o participaci\u00f3n en un evento, utilizar elementos de seguridad durante la navegaci\u00f3n, almacenar contenidos para la difusi\u00f3n de v\u00eddeos o sonido o compartir contenidos a trav\u00e9s de redes sociales.<\/p>\n<p><em><\/p>\n<p><strong>Menores de edad<\/p>\n<p><\/em><\/p>\n<p><\/strong>La web www.fiseg.com no se dirige a menores de edad. El titular de la web declina cualquier responsabilidad por el incumplimiento de este requisito.<\/p>\n<p><strong>6.\tPROPIEDAD INTELECTUAL E INDUSTRIAL: <\/strong><\/p>\n<p>FISEG por s\u00ed o como cesionario, es titular de todos los derechos de propiedad intelectual e industrial de su p\u00e1gina web, as\u00ed como de los elementos contenidos en la misma (a t\u00edtulo enunciativo, im\u00e1genes, sonido, audio, v\u00eddeo, software o textos; marcas o logotipos, combinaciones de colores, estructura y dise\u00f1o, selecci\u00f3n de materiales usados, programas de ordenador necesarios para su funcionamiento, acceso y uso, etc.), titularidad de FISEG o bien de sus licenciantes. Todos los derechos reservados.<\/p>\n<p>Cualquier uso no autorizado previamente por  FISEG, ser\u00e1 considerado un incumplimiento grave de los derechos de propiedad intelectual o industrial del autor.<\/p>\n<p>Quedan expresamente prohibidas la reproducci\u00f3n, la distribuci\u00f3n y la comunicaci\u00f3n p\u00fablica, incluida su modalidad de puesta a disposici\u00f3n, de la totalidad o parte de los contenidos de esta p\u00e1gina web, con fines comerciales, en cualquier soporte y por cualquier medio t\u00e9cnico, sin la autorizaci\u00f3n de FISEG.<\/p>\n<p>El USUARIO se compromete a respetar los derechos de Propiedad Intelectual e Industrial titularidad de FISEG. Podr\u00e1 visualizar los elementos de la web e incluso imprimirlos, copiarlos y almacenarlos en el disco duro de su ordenador o en cualquier otro soporte f\u00edsico siempre y cuando sea, \u00fanica y exclusivamente, para su uso personal y privado. El USUARIO deber\u00e1 abstenerse de suprimir, alterar, eludir o manipular cualquier dispositivo de protecci\u00f3n o sistema de seguridad que estuviera instalado en las p\u00e1ginas de www.fiseg.com .<\/p>\n<p><strong>7. EXCLUSI\u00d3N DE GARANT\u00cdAS Y RESPONSABILIDAD<\/strong><\/p>\n<p>FISEG no garantiza la continuidad, disponibilidad o utilidad del Sitio Web, www.fiseg.com, ni de los contenidos o servicios. FISEG har\u00e1 todo lo posible por el buen funcionamiento el sitio web, sin embargo no se responsabiliza ni garantiza que el acceso a este sitio web no vaya a ser interrumpido ni que est\u00e9 libre de error.<\/p>\n<p>Tampoco se responsabiliza o garantiza que el contenido o software al que pueda accederse a trav\u00e9s de este sitio web, est\u00e9 libre de error o cause un da\u00f1o al sistema inform\u00e1tico (software y hardware) del USUARIO. En ning\u00fan caso FISEG  ser\u00e1 responsable por las p\u00e9rdidas, da\u00f1os o perjuicios de cualquier tipo que surjan por el acceso, navegaci\u00f3n y el uso el Sitio Web, incluy\u00e9ndose, pero no limit\u00e1ndose a los sistemas inform\u00e1ticos o los provocados por la introducci\u00f3n de virus.<\/p>\n<p>FISEG tampoco se hace responsable de los da\u00f1os que pudiesen ocasionarse a los USUARIOS por un uso inadecuado de este Sitio Web. En particular, no se hace responsable en modo alguno de las ca\u00eddas, interrupciones, falta o defecto de las telecomunicaciones que pudieran ocurrir.<\/p>\n<p><strong>8.\tMODIFICACIONES<\/strong><\/p>\n<p>FISEG se reserva el derecho de efectuar sin previo aviso las modificaciones que considere oportunas en su web, pudiendo cambiar, suprimir o a\u00f1adir tanto los contenidos y servicios que se presten a trav\u00e9s de la misma como la forma en la que \u00e9stos aparezcan presentados o localizados en su web.<\/p>\n<p><strong>9.LEGISLACI\u00d3N APLICABLE Y JURISDICCI\u00d3N<\/strong><\/p>\n<p>La relaci\u00f3n entre www.fiseg.com y el USUARIO se regir\u00e1 por la normativa espa\u00f1ola vigente y cualquier controversia se someter\u00e1 a los Juzgados y tribunales de la ciudad de Barcelona, salvo que la Ley aplicable disponga otra cosa.<\/p>\n<p>[\/vc_column_text][\/vc_column][\/vc_row]<\/p>\n","protected":false},"excerpt":{"rendered":"<p>[vc_row use_row_as_full_screen_section=&#8221;yes&#8221; header_style=&#8221;light&#8221;][vc_column css=&#8221;.vc_custom_1537440732499{background-color: #dd3333 !important;}&#8221; offset=&#8221;vc_col-lg-12&#8243;][vc_column_text] Aviso Legal y Condiciones de Uso Generales [\/vc_column_text][\/vc_column][\/vc_row][vc_row content_placement=&#8221;middle&#8221; type=&#8221;grid&#8221;][vc_column][vc_empty_space height=&#8221;55px&#8221;][vc_column_text css=&#8221;.vc_custom_1537517827986{background-position: center !important;background-repeat: no-repeat !important;background-size: contain !important;border-radius: 5px !important;}&#8221;] 1. DATOS IDENTIFICATIVOS En cumplimiento con el deber de informaci\u00f3n recogido en art\u00edculo 10 de la Ley 34\/2002,&#8230;<\/p>\n","protected":false},"author":4,"featured_media":0,"parent":0,"menu_order":0,"comment_status":"closed","ping_status":"closed","template":"full_width.php","meta":[],"_links":{"self":[{"href":"https:\/\/fiseg.com\/es\/wp-json\/wp\/v2\/pages\/655"}],"collection":[{"href":"https:\/\/fiseg.com\/es\/wp-json\/wp\/v2\/pages"}],"about":[{"href":"https:\/\/fiseg.com\/es\/wp-json\/wp\/v2\/types\/page"}],"author":[{"embeddable":true,"href":"https:\/\/fiseg.com\/es\/wp-json\/wp\/v2\/users\/4"}],"replies":[{"embeddable":true,"href":"https:\/\/fiseg.com\/es\/wp-json\/wp\/v2\/comments?post=655"}],"version-history":[{"count":19,"href":"https:\/\/fiseg.com\/es\/wp-json\/wp\/v2\/pages\/655\/revisions"}],"predecessor-version":[{"id":675,"href":"https:\/\/fiseg.com\/es\/wp-json\/wp\/v2\/pages\/655\/revisions\/675"}],"wp:attachment":[{"href":"https:\/\/fiseg.com\/es\/wp-json\/wp\/v2\/media?parent=655"}],"curies":[{"name":"wp","href":"https:\/\/api.w.org\/{rel}","templated":true}]}}