      {"id":472,"date":"2015-11-17T14:17:29","date_gmt":"2015-11-17T14:17:29","guid":{"rendered":"http:\/\/fiseg.behimba.co\/es\/?page_id=472"},"modified":"2016-05-09T13:26:52","modified_gmt":"2016-05-09T13:26:52","slug":"servicios","status":"publish","type":"page","link":"https:\/\/fiseg.com\/es\/servicios\/","title":{"rendered":"Servicios"},"content":{"rendered":"<p>[vc_row text_align=&#8221;center&#8221; background_image=&#8221;133&#8243; el_class=&#8221;serviceparallax&#8221;][vc_column][vc_row_inner][vc_column_inner css=&#8221;.vc_custom_1449158553865{padding-top: 25px !important;padding-bottom: 25px !important;}&#8221;][vc_column_text]<\/p>\n<h1 class=\"titulum blankk\">Servicios de protecci\u00f3n contra incendios<\/h1>\n<p>[\/vc_column_text][\/vc_column_inner][\/vc_row_inner][\/vc_column][\/vc_row][vc_row type=&#8221;grid&#8221;][vc_column][vc_column_text]<\/p>\n<section id=\"cd-timeline\" class=\"cd-container\">\n<div id=\"instalacions\"><\/div>\n<div class=\"cd-timeline-block\">\n<div class=\"cd-timeline-img cd-picture\"><\/div>\n<div class=\"cd-timeline-content bounce-in\">\n<h2><img decoding=\"async\" loading=\"lazy\" src=\"\/wp-content\/uploads\/2015\/09\/instalacions.png\" alt=\"\" width=\"21\" height=\"30\" \/>\u00a0Area De Instalaciones<\/h2>\n<p>Dise\u00f1amos, calculamos y realizamos los siguientes tipos de instalaciones:<\/p>\n<h3 class=\"subing\">Detecci\u00f3n de incendios:<\/h3>\n<ul>\n<li>Sistemas convencionales.<\/li>\n<li>Sistemas anal\u00f3gicos.<\/li>\n<li>Detecci\u00f3n de Gases (Hidr\u00f3geno, Inflamables, CO2, Mon\u00f3xido, etc ..).<\/li>\n<li>Detecci\u00f3n de incendios anal\u00f3gicas y convencionales de todas las marcas principales del mercado as\u00ed como su programaci\u00f3n.<\/li>\n<li>Automatizaci\u00f3n de mecanismos de apertura o cierre de puertas y compuertas de ventilaci\u00f3n.<\/li>\n<li>Sistemas de detecci\u00f3n por aspiraci\u00f3n y de c\u00e1mara de niebla.<\/li>\n<\/ul>\n<div class=\"heighting1\"><\/div>\n<div class=\"centreitor\"><script data-cfasync=\"false\" type=\"text\/javascript\">var lsjQuery = jQuery;<\/script><script data-cfasync=\"false\" type=\"text\/javascript\"> lsjQuery(document).ready(function() { if(typeof lsjQuery.fn.layerSlider == \"undefined\") { lsShowNotice('layerslider_4_1','jquery'); } else { lsjQuery(\"#layerslider_4_1\").layerSlider({skin: 'fullwidth', navStartStop: false, navButtons: false, skinsPath: 'https:\/\/fiseg.com\/wp-content\/plugins\/LayerSlider\/static\/skins\/'}) } }); <\/script><div id=\"layerslider_4_1\" class=\"ls-wp-container\" style=\"width:850px;height:650px;margin:0 auto;margin-bottom: 0px;\"><div class=\"ls-slide\" id=\"detecc4\" data-ls=\" transition2d: all;\"><\/div><div class=\"ls-slide\" id=\"detecc1\" data-ls=\" transition2d: all;\"><\/div><div class=\"ls-slide\" id=\"detecc2\" data-ls=\" transition2d: all;\"><\/div><div class=\"ls-slide\" id=\"detecc3\" data-ls=\" transition2d: all;\"><\/div><div class=\"ls-slide\" id=\"detecc5\" data-ls=\" transition2d: all;\"><\/div><div class=\"ls-slide\" id=\"detecc6\" data-ls=\" transition2d: all;\"><\/div><\/div><\/div>\n<div class=\"heighting1\"><\/div>\n<h3 class=\"subing\">Extinci\u00f3n De Incendios Por Agua:<\/h3>\n<ul>\n<li>Equipos de bombas contra incendios, el\u00e9ctricos y diesel.<\/li>\n<li>Bocas de incendio equipadas.<\/li>\n<li>Rociadores autom\u00e1ticos.<\/li>\n<li>Columnas secas.<\/li>\n<li>Agua pulverizada.<\/li>\n<li>Agua nebulitzada.<\/li>\n<\/ul>\n<div class=\"heighting1\"><\/div>\n<div class=\"centreitor\"><script data-cfasync=\"false\" type=\"text\/javascript\">var lsjQuery = jQuery;<\/script><script data-cfasync=\"false\" type=\"text\/javascript\"> lsjQuery(document).ready(function() { if(typeof lsjQuery.fn.layerSlider == \"undefined\") { lsShowNotice('layerslider_6_2','jquery'); } else { lsjQuery(\"#layerslider_6_2\").layerSlider({skin: 'fullwidth', navStartStop: false, navButtons: false, skinsPath: 'https:\/\/fiseg.com\/wp-content\/plugins\/LayerSlider\/static\/skins\/'}) } }); <\/script><div id=\"layerslider_6_2\" class=\"ls-wp-container\" style=\"width:850px;height:650px;margin:0 auto;margin-bottom: 0px;\"><div class=\"ls-slide\" id=\"extincioaigua1\" data-ls=\" transition2d: all;\"><\/div><div class=\"ls-slide\" id=\"extincioaigua2\" data-ls=\" transition2d: all;\"><\/div><div class=\"ls-slide\" id=\"extincioaigua3\" data-ls=\" transition2d: all;\"><\/div><div class=\"ls-slide\" id=\"extincioaigua4\" data-ls=\" transition2d: all;\"><\/div><div class=\"ls-slide\" id=\"extincioaigua5\" data-ls=\" transition2d: all;\"><\/div><div class=\"ls-slide\" id=\"extincioaigua6\" data-ls=\" transition2d: all;\"><\/div><\/div><\/div>\n<div class=\"heighting1\"><\/div>\n<h3 class=\"subing\">Extinciones Especiales contra incendios:<\/h3>\n<p>Todo el personal t\u00e9cnico de FISEG dispone del certificado de formaci\u00f3n sobre manipulaci\u00f3n de sistemas de PCI que utilizan gases fluorados o bromados como agente extintor, exigido por el Real Decreto 795\/2010<\/p>\n<ul>\n<li>Extinci\u00f3n autom\u00e1tica por inundaci\u00f3n total (FM200, CO2, Novec 1230, Argonite, etc).<\/li>\n<li>Extinci\u00f3n autom\u00e1tica por aplicaci\u00f3n mediante CO2, por m\u00e1quinas y recintos.<\/li>\n<li>Extinci\u00f3n en campanas de cocinas por soluci\u00f3n acuosa de acetato pot\u00e1sico, etc.<\/li>\n<li>Protecci\u00f3n de cuadros de maniobra y control mediante sistemas Firetrace.<\/li>\n<li>Protecci\u00f3n de salas de m\u00e1quinas de barcos.<\/li>\n<\/ul>\n<div class=\"heighting1\"><\/div>\n<div class=\"centreitor\"><script data-cfasync=\"false\" type=\"text\/javascript\">var lsjQuery = jQuery;<\/script><script data-cfasync=\"false\" type=\"text\/javascript\"> lsjQuery(document).ready(function() { if(typeof lsjQuery.fn.layerSlider == \"undefined\") { lsShowNotice('layerslider_7_3','jquery'); } else { lsjQuery(\"#layerslider_7_3\").layerSlider({skin: 'fullwidth', navStartStop: false, navButtons: false, skinsPath: 'https:\/\/fiseg.com\/wp-content\/plugins\/LayerSlider\/static\/skins\/'}) } }); <\/script><div id=\"layerslider_7_3\" class=\"ls-wp-container\" style=\"width:850px;height:650px;margin:0 auto;margin-bottom: 0px;\"><div class=\"ls-slide\" id=\"extincioespecial1\" data-ls=\" transition2d: all;\"><\/div><div class=\"ls-slide\" id=\"extincioespecial2\" data-ls=\" transition2d: all;\"><\/div><div class=\"ls-slide\" id=\"extincioespecial3\" data-ls=\" transition2d: all;\"><\/div><div class=\"ls-slide\" id=\"extincioespecial4\" data-ls=\" transition2d: all;\"><\/div><div class=\"ls-slide\" id=\"extincioespecial5\" data-ls=\" transition2d: all;\"><\/div><div class=\"ls-slide\" id=\"extincioespecial6\" data-ls=\" transition2d: all;\"><\/div><\/div><\/div>\n<div class=\"heighting1\"><\/div>\n<h3 id=\"enginyeria\" class=\"subing\">Control De Humos De Incendio:<\/h3>\n<ul>\n<li>Sistemas de sobrepresi\u00f3n para ventilaci\u00f3n de escaleras y pasillos protegidos.<\/li>\n<li>Exutorios de humos.<\/li>\n<li>Control autom\u00e1tico de puertas, exutorios y compuertas cortafuegos.<\/li>\n<li>Circuitos cerrados de TV.<\/li>\n<li>Control de accesos.<\/li>\n<\/ul>\n<\/div>\n<\/div>\n<div class=\"cd-timeline-block\">\n<div class=\"cd-timeline-img cd-picture bounce-in\"><\/div>\n<div class=\"cd-timeline-content bounce-in\">\n<h2><img decoding=\"async\" loading=\"lazy\" src=\"\/wp-content\/uploads\/2015\/09\/engyineria-1.png\" alt=\"\" width=\"21\" height=\"30\" \/>\u00a0Area Ingenier\u00eda<\/h2>\n<p>Desde el Area de Ingenier\u00eda de FISEG, nuestros profesionales dan respuesta a las siguientes necesidades de nuestros Clientes:<\/p>\n<ul>\n<li>Proyectos de protecci\u00f3n integral contra incendios.<\/li>\n<li>Planes de emergencia y autoprotecci\u00f3n. Implantaci\u00f3n de planes de emergencia y de autoprotecci\u00f3n.<\/li>\n<li>Simulacros de evacuaci\u00f3n.<\/li>\n<li>Auditor\u00edas de seguridad contra incendios.<\/li>\n<li>C\u00e1lculo de instalaciones contra incendios.<\/li>\n<li>Planes de Contingencia y Manuales de Crisis.<\/li>\n<\/ul>\n<div class=\"heighting1\"><\/div>\n<div class=\"centreitor\"><script data-cfasync=\"false\" type=\"text\/javascript\">var lsjQuery = jQuery;<\/script><script data-cfasync=\"false\" type=\"text\/javascript\"> lsjQuery(document).ready(function() { if(typeof lsjQuery.fn.layerSlider == \"undefined\") { lsShowNotice('layerslider_9_4','jquery'); } else { lsjQuery(\"#layerslider_9_4\").layerSlider({skin: 'fullwidth', navStartStop: false, navButtons: false, skinsPath: 'https:\/\/fiseg.com\/wp-content\/plugins\/LayerSlider\/static\/skins\/'}) } }); <\/script><div id=\"layerslider_9_4\" class=\"ls-wp-container\" style=\"width:850px;height:650px;margin:0 auto;margin-bottom: 0px;\"><div class=\"ls-slide\" id=\"engyineria1\" data-ls=\" transition2d: all;\"><\/div><div class=\"ls-slide\" id=\"engyineria2\" data-ls=\" transition2d: all;\"><\/div><div class=\"ls-slide\" id=\"engyineria3\" data-ls=\" transition2d: all;\"><\/div><div class=\"ls-slide\" id=\"engyineria5\" data-ls=\" transition2d: all;\"><\/div><div class=\"ls-slide\" id=\"engyineria4\" data-ls=\" transition2d: all;\"><\/div><div class=\"ls-slide\" id=\"engyineria6\" data-ls=\" transition2d: all;\"><\/div><\/div><\/div>\n<div class=\"heighting1\"><\/div>\n<div id=\"proteccio\" class=\"heighting1\"><\/div>\n<\/div>\n<\/div>\n<div class=\"cd-timeline-block\">\n<div class=\"cd-timeline-img cd-movie bounce-in\"><\/div>\n<div class=\"cd-timeline-content bounce-in\">\n<h2><img decoding=\"async\" loading=\"lazy\" src=\"\/wp-content\/uploads\/2015\/09\/formacio.png\" alt=\"\" width=\"21\" height=\"30\" \/>\u00a0Area De Protecci\u00f3n Pasiva<\/h2>\n<ul>\n<li>Recubrimiento de vigas met\u00e1licas con mortero de vermiculita proyectado.<\/li>\n<li>Protecci\u00f3n contra el fuego de vigas con placas de fibro-silicato.<\/li>\n<li>Ignifugaci\u00f3n de revestimientos textiles (cortinas, moquetas, tapices).<\/li>\n<li>Aplicaci\u00f3n de pintura intumescente.<\/li>\n<\/ul>\n<div id=\"manteniment\"><\/div>\n<\/div>\n<\/div>\n<div class=\"heighting1\"><\/div>\n<div class=\"centreitor\"><script data-cfasync=\"false\" type=\"text\/javascript\">var lsjQuery = jQuery;<\/script><script data-cfasync=\"false\" type=\"text\/javascript\"> lsjQuery(document).ready(function() { if(typeof lsjQuery.fn.layerSlider == \"undefined\") { lsShowNotice('layerslider_8_5','jquery'); } else { lsjQuery(\"#layerslider_8_5\").layerSlider({skin: 'fullwidth', navStartStop: false, navButtons: false, skinsPath: 'https:\/\/fiseg.com\/wp-content\/plugins\/LayerSlider\/static\/skins\/'}) } }); <\/script><div id=\"layerslider_8_5\" class=\"ls-wp-container\" style=\"width:850px;height:650px;margin:0 auto;margin-bottom: 0px;\"><div class=\"ls-slide\" id=\"protecciopassv1\" data-ls=\" transition2d: all;\"><\/div><div class=\"ls-slide\" id=\"protecciopassv2\" data-ls=\" transition2d: all;\"><\/div><div class=\"ls-slide\" id=\"protecciopassv3\" data-ls=\" transition2d: all;\"><\/div><div class=\"ls-slide\" id=\"protecciopassv4\" data-ls=\" transition2d: all;\"><\/div><div class=\"ls-slide\" id=\"protecciopassv5\" data-ls=\" transition2d: all;\"><\/div><div class=\"ls-slide\" id=\"protecciopassv6\" data-ls=\" transition2d: all;\"><\/div><\/div><\/div>\n<div class=\"heighting1\"><\/div>\n<div class=\"cd-timeline-block\">\n<div class=\"cd-timeline-img cd-location bounce-in\"><\/div>\n<div class=\"cd-timeline-content bounce-in\">\n<h2><img decoding=\"async\" loading=\"lazy\" src=\"\/wp-content\/uploads\/2015\/10\/protecciopasiva.png\" alt=\"\" width=\"21\" height=\"30\" \/>\u00a0Area De Mantenimiento Y Servicio 24 Horas \/ 365 D\u00edas<\/h2>\n<p>FISEG ofrece servicios de mantenimiento de sistemas contra incendios, aplicando el Reglamento RD1942 \/ 93, normas UNE y protocolos propios, para:<\/p>\n<ul>\n<li>Toda clase de extintores<\/li>\n<li>Detecci\u00f3n de incendios anal\u00f3gicas y convencionales de todas las marcas principales del mercado as\u00ed como su programaci\u00f3n.<\/li>\n<li>Detecci\u00f3n de incendios anal\u00f3gicas y convencionales de todas las marcas principales del mercado as\u00ed como su programaci\u00f3n.<\/li>\n<li>Puertas cortafuegos.<\/li>\n<li>Compuertas cortafuegos.<\/li>\n<li>Detecci\u00f3n de gases.<\/li>\n<li>Ventilaci\u00f3n asociada a la detecci\u00f3n de gases.<\/li>\n<li>Ventilaci\u00f3n por sobrepresi\u00f3n.<\/li>\n<li>Circuito cerrado de televisi\u00f3n CCTV.<\/li>\n<li>Control de Accesos.<\/li>\n<li>Alumbrado de emergencia.<\/li>\n<li>Se\u00f1alizaci\u00f3n de v\u00edas de evacuaci\u00f3n.<\/li>\n<li>Toda de clase de sistemas de protecci\u00f3n pasiva.<\/li>\n<\/ul>\n<\/div>\n<div class=\"heighting1\"><\/div>\n<div class=\"centreitor\"><script data-cfasync=\"false\" type=\"text\/javascript\">var lsjQuery = jQuery;<\/script><script data-cfasync=\"false\" type=\"text\/javascript\"> lsjQuery(document).ready(function() { if(typeof lsjQuery.fn.layerSlider == \"undefined\") { lsShowNotice('layerslider_10_6','jquery'); } else { lsjQuery(\"#layerslider_10_6\").layerSlider({skin: 'fullwidth', navStartStop: false, navButtons: false, skinsPath: 'https:\/\/fiseg.com\/wp-content\/plugins\/LayerSlider\/static\/skins\/'}) } }); <\/script><div id=\"layerslider_10_6\" class=\"ls-wp-container\" style=\"width:850px;height:650px;margin:0 auto;margin-bottom: 0px;\"><div class=\"ls-slide\" id=\"manteniment1\" data-ls=\" transition2d: all;\"><\/div><div class=\"ls-slide\" id=\"manteniment2\" data-ls=\" transition2d: all;\"><\/div><div class=\"ls-slide\" id=\"manteniment3\" data-ls=\" transition2d: all;\"><\/div><div class=\"ls-slide\" id=\"manteniment4\" data-ls=\" transition2d: all;\"><\/div><div class=\"ls-slide\" id=\"manteniment5\" data-ls=\" transition2d: all;\"><\/div><div class=\"ls-slide\" id=\"manteniment6\" data-ls=\" transition2d: all;\"><\/div><div class=\"ls-slide\" id=\"manteniment7\" data-ls=\" transition2d: all;\"><\/div><div class=\"ls-slide\" id=\"manteniment8\" data-ls=\" transition2d: all;\"><\/div><div class=\"ls-slide\" id=\"manteniment9\" data-ls=\" transition2d: all;\"><\/div><div class=\"ls-slide\" id=\"manteniment10\" data-ls=\" transition2d: all;\"><\/div><div class=\"ls-slide\" id=\"manteniment11\" data-ls=\" transition2d: all;\"><\/div><div class=\"ls-slide\" id=\"manteniment12\" data-ls=\" transition2d: all;\"><\/div><div class=\"ls-slide\" id=\"manteniment13\" data-ls=\" transition2d: all;\"><\/div><\/div><\/div>\n<div class=\"heighting1\"><\/div>\n<\/div>\n<\/section>\n<p>[\/vc_column_text][\/vc_column][\/vc_row][vc_row el_id=&#8221;24h&#8221;][vc_column][vc_row_inner][vc_column_inner width=&#8221;1\/2&#8243; css=&#8221;.vc_custom_1444220168383{padding-left: 80px !important;background-color: #f1f1f1 !important;}&#8221;][vc_empty_space height=&#8221;15px&#8221;][vc_column_text]<\/p>\n<div class=\"subservices\">\n<div class=\"hours\">24h<\/div>\n<div class=\"heighting1\"><\/div>\n<p class=\"p1\">Disponemos de un Servicio de Asistencia T\u00e9cnica, en horario diurno de d\u00edas laborables, para resolver prioritariamente las aver\u00edas que se puedan producir en las instalaciones con contrato de mantenimiento vigente.<\/p>\n<ul>\n<li class=\"subsub1\">\n<p class=\"p1\">Seg\u00fan estad\u00edsticas de servicios de asistencia t\u00e9cnica realizados por FISEG, en d\u00edas y horario laborable, el tiempo medio de intervenci\u00f3n y de resoluci\u00f3n de aver\u00edas es inferior a las 24 horas desde el aviso.<\/p>\n<\/li>\n<li class=\"subsub1\">\n<p class=\"p1\">No obstante, este servicio, puede ampliarse cubriendo todos los nocturnos, s\u00e1bados y festivos del a\u00f1o, 24 horas \/ 365 d\u00edas, con los Clientes que deseen contratarlo. Hay disponible un tel\u00e9fono de guardia,<span class=\"Apple-converted-space\">\u00a0 <\/span>donde se dejar\u00e1n todos los mensajes de aver\u00eda. La asistencia inicial ser\u00e1 telef\u00f3nica por parte del personal de guardia y si fuera necesaria la intervenci\u00f3n, un t\u00e9cnico se desplazar\u00e1 en un m\u00e1ximo de tiempo previamente establecido.<\/p>\n<\/li>\n<\/ul>\n<\/div>\n<p>[\/vc_column_text][vc_empty_space height=&#8221;30px&#8221;][\/vc_column_inner][vc_column_inner width=&#8221;1\/2&#8243;][vc_raw_html]<\/p>\n<p>JTNDZGl2JTIwY2xhc3MlM0QlMjJkb3duc2VydmljZXMlMjIlM0UlMEElM0NhJTIwaHJlZiUzRCUyMiUyM3BhcmFsbGF4c2VydmljZXMlMjIlM0UlM0NpbWclMjBzcmMlM0QlMjIlMkZ3cC1jb250ZW50JTJGdXBsb2FkcyUyRjIwMTUlMkYxMCUyRmRvd25zZXJ2aWNlcy5wbmclMjIlMjBjbGFzcyUzRCUyMmNlbnRlcmluZ3MlMjIlMjB3aWR0aCUzRCUyMjE5NyUyMiUyMGhlaWdodCUzRCUyMjEyMiUyMiUyMCUyRiUzRSUzQyUyRmElM0UlMEElM0MlMkZkaXYlM0UlMjA=<\/p>\n<p>[\/vc_raw_html][\/vc_column_inner][\/vc_row_inner][vc_row_inner el_id=&#8221;subministraments&#8221;][vc_column_inner width=&#8221;1\/3&#8243;]<br \/>\n[\/vc_column_inner][vc_column_inner el_class=&#8221;cccc&#8221; width=&#8221;1\/3&#8243;][vc_empty_space height=&#8221;45px&#8221;]<a id=\"botoncontact1\" href=\"\/?page_id=167\" target=\"_self\" data-hover-background-color=#ffffff data-hover-color=#df2828 class=\"qbutton  medium center\" style=\"color: #ffffff; border-color: #ffffff; font-weight: 300; background-color: #df2828;\">Contacto<\/a>[vc_empty_space height=&#8221;45px&#8221;][\/vc_column_inner][vc_column_inner width=&#8221;1\/3&#8243;]<br \/>\n[\/vc_column_inner][\/vc_row_inner][\/vc_column][\/vc_row][vc_row background_image=&#8221;223&#8243; el_id=&#8221;parallaxservices&#8221;][vc_column][vc_column_text]<\/p>\n<div class=\"up1\">\n<div class=\"up2\">\n<h2 class=\"sp1\">Suministro y productos<\/h2>\n<div class=\"dottingwhite\"><\/div>\n<div class=\"imgsb\"><img decoding=\"async\" loading=\"lazy\" src=\"\/wp-content\/uploads\/2015\/10\/sub-prod.png\" alt=\"\" width=\"30\" height=\"32\" \/><\/div>\n<div id=\"productes\" class=\"textsb\">Disponemos de un almac\u00e9n de repuestos, con m\u00e1s de 1.000 referencias, y las existencias suficientes para dar r\u00e1pida respuesta a la tipolog\u00eda de las aver\u00edas m\u00e1s frecuentes de las instalaciones contratadas.<\/div>\n<\/div>\n<\/div>\n<p>[\/vc_column_text][\/vc_column][\/vc_row][vc_row el_id=&#8221;modeselector&#8221;][vc_column][vc_column_text]<br \/>\n[\/vc_column_text][\/vc_column][\/vc_row][vc_column][vc_column_text]<br \/>\n[\/vc_column_text][\/vc_column][vc_empty_space height=&#8221;50px&#8221;][vc_raw_html]<\/p>\n<p>JTNDZGl2JTIwY2xhc3MlM0QlMjJnbnUxJTIyJTNFJTBBJTBBJTNDZGl2JTIwY2xhc3MlM0QlMjJzZ251JTIyJTNFJTBBJTNDZGl2JTIwY2xhc3MlM0QlMjJnbnUyJTIyJTNFJTBBJTNDcCUyMGNsYXNzJTNEJTIycG51MSUyMiUzRVByb2R1Y3RvcyUzQyUyRnAlM0UlMEElM0NwJTNFTG9zJTIwY2F0JUMzJUExbG9nb3MlMjBlc3RhciVDMyVBMW4lMjBkaXNwb25pYmxlcyUyMHByb3hpbWFtZW50ZS4lM0MlMkZwJTNFJTBBJTNDJTJGZGl2JTNFJTBBJTBBJTNDZGl2JTIwY2xhc3MlM0QlMjJnbnUzJTIyJTNFJTBBJTNDZGl2JTIwY2xhc3MlM0QlMjJjYXh0JTIyJTIwaWQlM0QlMjJjYXh0MSUyMiUzRSUzQ3AlM0UlM0NhJTIwaHJlZiUzRCUyMiUyMyUyMiUzRUV4dGludG9yZXMlM0MlMkZhJTNFJTNDJTJGcCUzRSUzQyUyRmRpdiUzRSUwQSUzQ2RpdiUyMGNsYXNzJTNEJTIyY2F4dCUyMiUyMGlkJTNEJTIyY2F4dDIlMjIlM0UlM0NwJTNFJTNDYSUyMGhyZWYlM0QlMjIlMjMlMjIlM0VTZSVDMyVCMWFsaXphY2klQzMlQjNuJTNDJTJGYSUzRSUzQyUyRnAlM0UlM0MlMkZkaXYlM0UlMEElM0NkaXYlMjBjbGFzcyUzRCUyMmNheHQlMjIlMjBpZCUzRCUyMmNheHQzJTIyJTNFJTNDcCUzRSUzQ2ElMjBocmVmJTNEJTIyJTIzJTIyJTNFUm9jaWFkb3JlcyUzQyUyRmElM0UlM0MlMkZwJTNFJTNDJTJGZGl2JTNFJTBBJTNDZGl2JTIwY2xhc3MlM0QlMjJjYXh0JTIyJTIwaWQlM0QlMjJjYXh0NCUyMiUzRSUzQ3AlM0UlM0NhJTIwaHJlZiUzRCUyMiUyMyUyMiUzRURldGVjdG9yZXMlM0MlMkZhJTNFJTNDJTJGcCUzRSUzQyUyRmRpdiUzRSUwQSUzQ2RpdiUyMGNsYXNzJTNEJTIyY2F4dCUyMiUyMGlkJTNEJTIyY2F4dDUlMjIlM0UlM0NwJTNFJTNDYSUyMGhyZWYlM0QlMjIlMjMlMjIlMjBzdHlsZSUzRCUyMnRleHQtYWxpZ24lM0ElMjBjZW50ZXIlM0IlMjIlM0VCb2NhcyUyMGRlJTIwSW5jZW5kaW8lMjBFcXVpcGFkYXMlM0MlMkZhJTNFJTNDJTJGcCUzRSUzQyUyRmRpdiUzRSUwQSUzQ2RpdiUyMGNsYXNzJTNEJTIyY2F4dCUyMiUyMGlkJTNEJTIyY2F4dDYlMjIlM0UlM0NwJTNFJTNDYSUyMGhyZWYlM0QlMjIlMjMlMjIlM0VDb2x1bW5hcyUyMFNlY2FzJTNDJTJGYSUzRSUzQyUyRnAlM0UlM0MlMkZkaXYlM0UlMEElM0MlMkZkaXYlM0UlMEElM0MlMkZkaXYlM0UlMEElMEElM0NkaXYlMjBjbGFzcyUzRCUyMmdudTQlMjIlM0UlM0MlMkZkaXYlM0UlMEElMjAlMjAlMjAlMjAlMjAlMjAlMjAlMjAlMEElM0MlMkZkaXYlM0U=<\/p>\n<p>[\/vc_raw_html][vc_empty_space height=&#8221;50px&#8221;][vc_row_inner css=&#8221;.vc_custom_1444230851381{background-image: url(http:\/\/fiseg.behimba.co\/wp-content\/uploads\/2015\/09\/background-cta.jpg?id=234) !important;}&#8221; el_class=&#8221;ctaboxfinal&#8221;][vc_column_inner][vc_raw_html]JTNDZGl2JTIwY2xhc3MlM0QlMjJvdmgxJTIyJTNFJTBBJTNDZGl2JTIwY2xhc3MlM0QlMjJvdmgyJTIyJTNFJTBBJTNDcCUyMGNsYXNzJTNEJTIyb3BoMSUyMiUzRVF1aWVyZSUyMHBlZGlybm9zJTIwdW4lMjBwcm9kdWN0byUyMGVuJTIwY29uY3JldG8lM0YlM0MlMkZwJTNFJTBBJTNDZGl2JTIwY2xhc3MlM0QlMjJvdmgzJTIyJTNFJTBBJTNDZGl2JTIwY2xhc3MlM0QlMjJidXR0b253aWRnZXQlMjIlM0UlM0NhJTIwaHJlZiUzRCUyMiUyRmVzJTJGY29udGFjdG8lMkYlMjIlMjB0YXJnZXQlM0QlMjJfc2VsZiUyMiUyMGRhdGEtaG92ZXItYmFja2dyb3VuZC1jb2xvciUzRCUyMiUyM2MwYzBjMCUyMiUyMGRhdGEtaG92ZXItYm9yZGVyLWNvbG9yJTNEJTIyJTIzYzBjMGMwJTIyJTIwZGF0YS1ob3Zlci1jb2xvciUzRCUyMiUyM2ZmZmZmZiUyMiUyMGNsYXNzJTNEJTIyYnV0dG9ua2lvMSUyMHFidXR0b24lMjBtZWRpdW0lMjIlMjBzdHlsZSUzRCUyMmNvbG9yJTNBJTIwcmdiJTI4MjU1JTJDJTIwMjU1JTJDJTIwMjU1JTI5JTNCJTIwYm9yZGVyLWNvbG9yJTNBJTIwcmdiJTI4MjIzJTJDJTIwNDAlMkMlMjA0MCUyOSUzQiUyMGJhY2tncm91bmQtY29sb3IlM0ElMjByZ2IlMjgyMjMlMkMlMjA0MCUyQyUyMDQwJTI5JTNCJTIyJTNFQWNjZWRlciUzQyUyRmElM0UlM0MlMkZkaXYlM0UlMEElM0MlMkZkaXYlM0UlMEElM0MlMkZkaXYlM0UlMEElM0MlMkZkaXYlM0U=[\/vc_raw_html][\/vc_column_inner][\/vc_row_inner]<\/p>\n","protected":false},"excerpt":{"rendered":"<p>[vc_row text_align=&#8221;center&#8221; background_image=&#8221;133&#8243; el_class=&#8221;serviceparallax&#8221;][vc_column][vc_row_inner][vc_column_inner css=&#8221;.vc_custom_1449158553865{padding-top: 25px !important;padding-bottom: 25px !important;}&#8221;][vc_column_text] Servicios de protecci\u00f3n contra incendios [\/vc_column_text][\/vc_column_inner][\/vc_row_inner][\/vc_column][\/vc_row][vc_row type=&#8221;grid&#8221;][vc_column][vc_column_text] \u00a0Area De Instalaciones Dise\u00f1amos, calculamos y realizamos los siguientes tipos de instalaciones: Detecci\u00f3n de incendios: Sistemas convencionales. Sistemas anal\u00f3gicos. Detecci\u00f3n de Gases (Hidr\u00f3geno, Inflamables, CO2, Mon\u00f3xido, etc ..). Detecci\u00f3n&#8230;<\/p>\n","protected":false},"author":4,"featured_media":0,"parent":0,"menu_order":0,"comment_status":"closed","ping_status":"closed","template":"full_width.php","meta":[],"_links":{"self":[{"href":"https:\/\/fiseg.com\/es\/wp-json\/wp\/v2\/pages\/472"}],"collection":[{"href":"https:\/\/fiseg.com\/es\/wp-json\/wp\/v2\/pages"}],"about":[{"href":"https:\/\/fiseg.com\/es\/wp-json\/wp\/v2\/types\/page"}],"author":[{"embeddable":true,"href":"https:\/\/fiseg.com\/es\/wp-json\/wp\/v2\/users\/4"}],"replies":[{"embeddable":true,"href":"https:\/\/fiseg.com\/es\/wp-json\/wp\/v2\/comments?post=472"}],"version-history":[{"count":27,"href":"https:\/\/fiseg.com\/es\/wp-json\/wp\/v2\/pages\/472\/revisions"}],"predecessor-version":[{"id":616,"href":"https:\/\/fiseg.com\/es\/wp-json\/wp\/v2\/pages\/472\/revisions\/616"}],"wp:attachment":[{"href":"https:\/\/fiseg.com\/es\/wp-json\/wp\/v2\/media?parent=472"}],"curies":[{"name":"wp","href":"https:\/\/api.w.org\/{rel}","templated":true}]}}