{"id":465,"date":"2015-11-17T14:04:36","date_gmt":"2015-11-17T14:04:36","guid":{"rendered":"http:\/\/fiseg.behimba.co\/es\/?page_id=465"},"modified":"2024-10-23T11:29:27","modified_gmt":"2024-10-23T11:29:27","slug":"contacto","status":"publish","type":"page","link":"https:\/\/fiseg.com\/es\/contacto\/","title":{"rendered":"Contacto"},"content":{"rendered":"<p>[vc_row background_color=&#8221;#df2828&#8243;][vc_column][vc_row_inner][vc_column_inner][vc_column_text]<\/p>\n<div class=\"headerclass\">\n<h1 class=\"titulum zupcenter blankk\">Protecci\u00f3n integral contra incendios<\/h1>\n<\/div>\n<p>[\/vc_column_text][\/vc_column_inner][\/vc_row_inner][\/vc_column][\/vc_row][vc_row type=&#8221;grid&#8221;][vc_column][vc_empty_space height=&#8221;55px&#8221;][vc_row_inner type=&#8221;grid&#8221;][vc_column_inner width=&#8221;1\/2&#8243;][vc_column_text]<\/p>\n<div class=\"generaladress\">\n<div class=\"adress\"><strong>Direcci\u00f3n<\/strong><\/div>\n<p>Albert Einstein, 4 \u2013 08940 Cornell\u00e0 de Llobregat (Barcelona)<\/p>\n<\/div>\n<div class=\"generaladress\">\n<div class=\"adress\"><strong>Tel\u00e9fono<\/strong><\/div>\n<p>93 511 02 02<\/p>\n<\/div>\n<div class=\"generaladress\">\n<div class=\"adress\"><strong>Fax<\/strong><\/div>\n<p>93 511 02 01<\/p>\n<\/div>\n<div class=\"generaladress\">\n<div class=\"adress\"><strong>Email<\/strong><\/div>\n<p><a href=\"mailto:fiseg@fiseg.com\">fiseg@fiseg.com<\/a><\/p>\n<\/div>\n<div style=\"height: 30px;\"><\/div>\n<div class=\"generaladress\">\n<div class=\"adress\"><strong>Horario atenci\u00f3n<\/strong><\/div>\n<p>Lunes a Jueves 7\u201315h y Viernes 8\u201314h<\/p>\n<\/div>\n<p>[\/vc_column_text][\/vc_column_inner][vc_column_inner width=&#8221;1\/2&#8243;]<div role=\"form\" class=\"wpcf7\" id=\"wpcf7-f760-o1\" lang=\"en-US\" dir=\"ltr\">\n<div class=\"screen-reader-response\"><p role=\"status\" aria-live=\"polite\" aria-atomic=\"true\"><\/p> <ul><\/ul><\/div>\n<form action=\"\/es\/wp-json\/wp\/v2\/pages\/465#wpcf7-f760-o1\" method=\"post\" class=\"wpcf7-form init\" novalidate=\"novalidate\" data-status=\"init\">\n<div style=\"display: none;\">\n<input type=\"hidden\" name=\"_wpcf7\" value=\"760\" \/>\n<input type=\"hidden\" name=\"_wpcf7_version\" value=\"5.4\" \/>\n<input type=\"hidden\" name=\"_wpcf7_locale\" value=\"en_US\" \/>\n<input type=\"hidden\" name=\"_wpcf7_unit_tag\" value=\"wpcf7-f760-o1\" \/>\n<input type=\"hidden\" name=\"_wpcf7_container_post\" value=\"0\" \/>\n<input type=\"hidden\" name=\"_wpcf7_posted_data_hash\" value=\"\" \/>\n<\/div>\n<h2 class=\"titlebehimba\">Contacto<\/h2>\n<div class=\"linetitle\"><\/div>\n<p><br><\/p>\n<p><span class=\"wpcf7-form-control-wrap your-name\"><input type=\"text\" name=\"your-name\" value=\"\" size=\"40\" class=\"wpcf7-form-control wpcf7-text wpcf7-validates-as-required\" aria-required=\"true\" aria-invalid=\"false\" placeholder=\"Nombre\" \/><\/span> <\/p>\n<p><span class=\"wpcf7-form-control-wrap your-phone\"><input type=\"tel\" name=\"your-phone\" value=\"\" size=\"40\" class=\"wpcf7-form-control wpcf7-text wpcf7-tel wpcf7-validates-as-tel\" aria-invalid=\"false\" placeholder=\"Tel\u00e9fono\" \/><\/span><\/p>\n<p><span class=\"wpcf7-form-control-wrap your-email\"><input type=\"email\" name=\"your-email\" value=\"\" size=\"40\" class=\"wpcf7-form-control wpcf7-text wpcf7-email wpcf7-validates-as-required wpcf7-validates-as-email\" aria-required=\"true\" aria-invalid=\"false\" placeholder=\"Email\" \/><\/span> <\/p>\n<p><span class=\"wpcf7-form-control-wrap your-message\"><textarea name=\"your-message\" cols=\"40\" rows=\"10\" class=\"wpcf7-form-control wpcf7-textarea\" aria-invalid=\"false\" placeholder=\"Mensaje\"><\/textarea><\/span> <\/p>\n<p><span id=\"wpcf7-69ea56325704e-wrapper\" class=\"wpcf7-form-control-wrap tarro-de-miel-abc-wrap\" style=\"display:none !important; visibility:hidden !important;\"><label for=\"wpcf7-69ea56325704e-field\" class=\"hp-message\">Por favor, deja este campo vac\u00edo.<\/label><input id=\"wpcf7-69ea56325704e-field\"  class=\"wpcf7-form-control wpcf7-text\" type=\"text\" name=\"tarro-de-miel-abc\" value=\"\" size=\"40\" tabindex=\"-1\" autocomplete=\"new-password\" \/><\/span><\/p>\n<p style=\"boton-align: center;\"><input type=\"submit\" value=\"Enviar\" class=\"wpcf7-form-control wpcf7-submit classbuttoncontacthome\" \/><\/p>\n<div class=\"wpcf7-response-output\" aria-hidden=\"true\"><\/div>\n<p style=\"text-align: left;\">INFORMACI\u00d3 B\u00c0SICA SOBRE PROTECCI\u00d3 DE DADES<\/p>\n<p style=\"text-align: left;\">Responsable: FOC i SEGURETAT S.L.<\/p>\n<p style=\"text-align: left;\">Finalitat: donar resposta a les sol\u00b7licituds d' informaci\u00f3.<\/p>\n<p style=\"text-align: left;\">Legitimaci\u00f3: El consentiment de l'usuari.<\/p>\n<p style=\"text-align: left;\">Destinataris: FISEG no preveu la cessi\u00f3 de les seves dades excepte obligaci\u00f3 legal.<\/p>\n<p style=\"text-align: left;\">Pot consultar m\u00e9s informaci\u00f3 a la <a href=\"\/\/fiseg.com\/es\/aviso-legal\/ \">Pol\u00edtica de Privacitat<\/a>  d'aquesta web.<\/p>\n<p style=\"display: none !important;\"><label>&#916;<textarea name=\"_wpcf7_ak_hp_textarea\" cols=\"45\" rows=\"8\" maxlength=\"100\"><\/textarea><\/label><input type=\"hidden\" id=\"ak_js_1\" name=\"_wpcf7_ak_js\" value=\"175\"\/><script>document.getElementById( \"ak_js_1\" ).setAttribute( \"value\", ( new Date() ).getTime() );<\/script><\/p><\/form><\/div>[\/vc_column_inner][\/vc_row_inner][vc_empty_space height=&#8221;55px&#8221;][\/vc_column][\/vc_row][vc_row type=&#8221;grid&#8221; el_id=&#8221;mapping&#8221; el_class=&#8221;widthing&#8221;][vc_column][vc_empty_space height=&#8221;35px&#8221;][vc_single_image image=&#8221;407&#8243; img_size=&#8221;full&#8221; alignment=&#8221;center&#8221; onclick=&#8221;custom_link&#8221; img_link_target=&#8221;_blank&#8221; transition_delay=&#8221;350&#8243; link=&#8221;https:\/\/www.google.com\/maps\/place\/Foc+I+Seguretat+SL\/@41.3547209,2.0782244,15z\/data=!4m2!3m1!1s0x0:0xa750c8e97b8572d8?hl=ca-ES&#8221;][vc_empty_space height=&#8221;35px&#8221;][\/vc_column][\/vc_row]<\/p>\n","protected":false},"excerpt":{"rendered":"<p>[vc_row background_color=&#8221;#df2828&#8243;][vc_column][vc_row_inner][vc_column_inner][vc_column_text] Protecci\u00f3n integral contra incendios [\/vc_column_text][\/vc_column_inner][\/vc_row_inner][\/vc_column][\/vc_row][vc_row type=&#8221;grid&#8221;][vc_column][vc_empty_space height=&#8221;55px&#8221;][vc_row_inner type=&#8221;grid&#8221;][vc_column_inner width=&#8221;1\/2&#8243;][vc_column_text] Direcci\u00f3n Albert Einstein, 4 \u2013 08940 Cornell\u00e0 de Llobregat (Barcelona) Tel\u00e9fono 93 511 02 02 Fax 93 511 02 01 Email fiseg@fiseg.com Horario atenci\u00f3n Lunes a Jueves 7\u201315h y Viernes 8\u201314h [\/vc_column_text][\/vc_column_inner][vc_column_inner width=&#8221;1\/2&#8243;][\/vc_column_inner][\/vc_row_inner][vc_empty_space height=&#8221;55px&#8221;][\/vc_column][\/vc_row][vc_row&#8230;<\/p>\n","protected":false},"author":4,"featured_media":0,"parent":0,"menu_order":0,"comment_status":"closed","ping_status":"closed","template":"full_width.php","meta":[],"_links":{"self":[{"href":"https:\/\/fiseg.com\/es\/wp-json\/wp\/v2\/pages\/465"}],"collection":[{"href":"https:\/\/fiseg.com\/es\/wp-json\/wp\/v2\/pages"}],"about":[{"href":"https:\/\/fiseg.com\/es\/wp-json\/wp\/v2\/types\/page"}],"author":[{"embeddable":true,"href":"https:\/\/fiseg.com\/es\/wp-json\/wp\/v2\/users\/4"}],"replies":[{"embeddable":true,"href":"https:\/\/fiseg.com\/es\/wp-json\/wp\/v2\/comments?post=465"}],"version-history":[{"count":15,"href":"https:\/\/fiseg.com\/es\/wp-json\/wp\/v2\/pages\/465\/revisions"}],"predecessor-version":[{"id":891,"href":"https:\/\/fiseg.com\/es\/wp-json\/wp\/v2\/pages\/465\/revisions\/891"}],"wp:attachment":[{"href":"https:\/\/fiseg.com\/es\/wp-json\/wp\/v2\/media?parent=465"}],"curies":[{"name":"wp","href":"https:\/\/api.w.org\/{rel}","templated":true}]}}